{"id":4465,"date":"2017-06-05T20:31:04","date_gmt":"2017-06-05T20:31:04","guid":{"rendered":"https:\/\/old.karateshubudo.com.br\/?page_id=4465"},"modified":"2017-10-23T22:23:39","modified_gmt":"2017-10-23T22:23:39","slug":"aksd-ficha-de-cadastro-carteira-associado","status":"publish","type":"page","link":"https:\/\/old.karateshubudo.com.br\/?page_id=4465","title":{"rendered":"FICHA DE CADASTRO PARA CARTEIRA DE ASSOCIADO"},"content":{"rendered":"<form method=\"post\" enctype=\"multipart\/form-data\" id=\"vfbp-form-1\" class=\"vfbp-form\"><div style=\"display:none;\"><label for=\"vfbp-EMAIL-AN8fuQyoDLXem\">If you are human, leave this field blank.<\/label><input size=\"25\" autocomplete=\"off\" type=\"text\" name=\"vfbp-EMAIL-AN8fuQyoDLXem\" value=\"\" id=\"\"><\/div><input type=\"hidden\" name=\"_vfb-timestamp-1\" value=\"1777607969\" id=\"\"><input type=\"hidden\" name=\"_vfb-form-id\" value=\"1\" id=\"\"><div class=\"vfb-col-12 vfb-fieldType-text\" id=\"vfbField2\"><div class=\"vfb-form-group\"><label for=\"vfb-field-2\" class=\"vfb-control-label\">Nome Completo <span class=\"vfb-required-asterisk\">*<\/span><\/label><div><input id=\"vfb-field-2\" class=\"vfb-form-control\" placeholder=\"\" required=\"required\" type=\"text\" name=\"vfb-field-2\" value=\"\"><\/div><\/div><\/div><div class=\"vfb-clearfix\"><\/div><div class=\"vfb-col-6 vfb-fieldType-text\" id=\"vfbField3\"><div class=\"vfb-form-group\"><label for=\"vfb-field-3\" class=\"vfb-control-label\">Nome Completo da M\u00e3e <span class=\"vfb-required-asterisk\">*<\/span><\/label><div><input id=\"vfb-field-3\" class=\"vfb-form-control\" placeholder=\"\" required=\"required\" type=\"text\" name=\"vfb-field-3\" value=\"\"><\/div><\/div><\/div><div class=\"vfb-col-6 vfb-fieldType-text\" id=\"vfbField5\"><div class=\"vfb-form-group\"><label for=\"vfb-field-5\" class=\"vfb-control-label\">Nome Completo Pai<\/label><div><input id=\"vfb-field-5\" class=\"vfb-form-control\" placeholder=\"\" type=\"text\" name=\"vfb-field-5\" value=\"\"><\/div><\/div><\/div><div class=\"vfb-clearfix\"><\/div><div class=\"vfb-col-4 vfb-fieldType-text\" id=\"vfbField14\"><div class=\"vfb-form-group\"><label for=\"vfb-field-14\" class=\"vfb-control-label\">RG <span class=\"vfb-required-asterisk\">*<\/span><\/label><div><input id=\"vfb-field-14\" class=\"vfb-form-control\" placeholder=\"\" required=\"required\" type=\"text\" name=\"vfb-field-14\" value=\"\"><\/div><\/div><\/div><div class=\"vfb-col-4 vfb-fieldType-text\" id=\"vfbField15\"><div class=\"vfb-form-group\"><label for=\"vfb-field-15\" class=\"vfb-control-label\">CPF <span class=\"vfb-required-asterisk\">*<\/span><\/label><div><input id=\"vfb-field-15\" class=\"vfb-form-control\" placeholder=\"\" data-mask=\"000.000.000-00\" required=\"required\" type=\"text\" name=\"vfb-field-15\" value=\"\"><\/div><\/div><\/div><div class=\"vfb-col-4 vfb-fieldType-date\" id=\"vfbField8\"><div class=\"vfb-form-group\"><label for=\"vfb-field-8\" class=\"vfb-control-label\">Data de Nascimento  <span class=\"vfb-required-asterisk\">*<\/span><\/label><div><input id=\"vfb-field-8\" class=\"vfb-form-control\" placeholder=\"\" data-mask=\"00\/00\/0000\" required=\"required\" data-provide=\"datepicker\" data-date-format=\"d\/m\/yyyy\" data-date-calendar-weeks=\"1\" type=\"text\" name=\"vfb-field-8\" value=\"\"><\/div><\/div><\/div><div class=\"vfb-clearfix\"><\/div><div class=\"vfb-col-4 vfb-fieldType-text\" id=\"vfbField4\"><div class=\"vfb-form-group\"><label for=\"vfb-field-4\" class=\"vfb-control-label\">Equipe <span class=\"vfb-required-asterisk\">*<\/span><\/label><div><input id=\"vfb-field-4\" class=\"vfb-form-control\" placeholder=\"\" required=\"required\" type=\"text\" name=\"vfb-field-4\" value=\"\"><\/div><\/div><\/div><div class=\"vfb-col-4 vfb-fieldType-number\" id=\"vfbField9\"><div class=\"vfb-form-group\"><label for=\"vfb-field-9\" class=\"vfb-control-label\">Matricula AKSD<\/label><div><input id=\"vfb-field-9\" class=\"vfb-form-control\" placeholder=\"\" type=\"number\" name=\"vfb-field-9\" value=\"\"><\/div><\/div><\/div><div class=\"vfb-col-4 vfb-fieldType-select\" id=\"vfbField10\"><label for=\"vfb-field-10\" class=\"vfb-control-label\">Gradua\u00e7\u00e3o <span class=\"vfb-required-asterisk\">*<\/span><\/label><div><div class=\"vfb-form-group\"><select id=\"vfb-field-10\" class=\"vfb-form-control\" placeholder=\"\" required=\"required\" name=\"vfb-field-10\"><option value=\"PRATICANTE\">PRATICANTE<\/option><option value=\"FAIXA PRETA\">FAIXA PRETA<\/option><option value=\"MESTRE\">MESTRE<\/option><\/select><\/div><\/div><\/div><div class=\"vfb-clearfix\"><\/div><div class=\"vfb-col-6 vfb-fieldType-phone\" id=\"vfbField16\"><div class=\"vfb-form-group\"><label for=\"vfb-field-16\" class=\"vfb-control-label\">Telefone \/ Celular<\/label><div><input id=\"vfb-field-16\" class=\"vfb-form-control vfb-intl-phone\" placeholder=\"\" data-default-country=\"br\" data-number-type=\"UAN\" data-national-mode=\"1\" data-auto-hide-dial-code=\"1\" type=\"tel\" name=\"vfb-field-16\" value=\"\"><span class=\"vfb-help-block\"><h5>Esta informa\u00e7\u00e3o \u00e9 apenas para entrarmos em contato em caso de d\u00favidas, n\u00e3o ser\u00e1 inclusa na carteirinha. * Adicionar C\u00f3digo de \u00c1rea ** N\u00e3o incluir o primeiro 9 <\/h5><\/span><\/div><\/div><\/div><div class=\"vfb-col-6 vfb-fieldType-file-upload\" id=\"vfbField11\"><div class=\"vfb-form-group\"><label for=\"vfb-field-11\" class=\"vfb-control-label\">Foto <span class=\"vfb-required-asterisk\">*<\/span><\/label><div><input id=\"vfb-field-11\" class=\"vfb-form-control vfb-file-input\" placeholder=\"\" required=\"required\" data-max-file-size=\"2000\" data-max-file-count=\"1\" data-allowed-file-types=\"image\" data-allowed-file-extensions=\"jpg,jpeg,png\" type=\"file\" name=\"vfb-field-11\"><span class=\"vfb-help-block\"><h5>A foto dever\u00e1 ser com fundo branco, somente a parte superior (tipo 3x4) e <span style=\"color: red\">obrigatoriamente de Kimono<\/span>.<\/h5><\/span><\/div><\/div><\/div><div class=\"vfb-clearfix\"><\/div><div class=\"vfb-col-1 vfb-fieldType-submit\" id=\"vfbField13\"><button id=\"vfb-field-13\" class=\" btn btn-primary\" placeholder=\"\" type=\"submit\" name=\"_vfb-submit\">Enviar<\/button><\/div><\/form>\n","protected":false},"excerpt":{"rendered":"","protected":false},"author":1,"featured_media":0,"parent":0,"menu_order":0,"comment_status":"closed","ping_status":"closed","template":"","meta":{"_exactmetrics_skip_tracking":false,"_exactmetrics_sitenote_active":false,"_exactmetrics_sitenote_note":"","_exactmetrics_sitenote_category":0},"_links":{"self":[{"href":"https:\/\/old.karateshubudo.com.br\/index.php?rest_route=\/wp\/v2\/pages\/4465"}],"collection":[{"href":"https:\/\/old.karateshubudo.com.br\/index.php?rest_route=\/wp\/v2\/pages"}],"about":[{"href":"https:\/\/old.karateshubudo.com.br\/index.php?rest_route=\/wp\/v2\/types\/page"}],"author":[{"embeddable":true,"href":"https:\/\/old.karateshubudo.com.br\/index.php?rest_route=\/wp\/v2\/users\/1"}],"replies":[{"embeddable":true,"href":"https:\/\/old.karateshubudo.com.br\/index.php?rest_route=%2Fwp%2Fv2%2Fcomments&post=4465"}],"version-history":[{"count":0,"href":"https:\/\/old.karateshubudo.com.br\/index.php?rest_route=\/wp\/v2\/pages\/4465\/revisions"}],"wp:attachment":[{"href":"https:\/\/old.karateshubudo.com.br\/index.php?rest_route=%2Fwp%2Fv2%2Fmedia&parent=4465"}],"curies":[{"name":"wp","href":"https:\/\/api.w.org\/{rel}","templated":true}]}}